{"id":3233,"date":"2024-01-09T11:47:23","date_gmt":"2024-01-09T10:47:23","guid":{"rendered":"https:\/\/fclesepis.fr\/?page_id=3233"},"modified":"2024-01-11T00:04:47","modified_gmt":"2024-01-10T23:04:47","slug":"accueil-2","status":"publish","type":"page","link":"https:\/\/fclesepis.fr\/?page_id=3233","title":{"rendered":"Le mot du pr\u00e9sident"},"content":{"rendered":"<p>[et_pb_section fb_built=&#8221;1&#8243; admin_label=&#8221;Header&#8221; _builder_version=&#8221;4.23.4&#8243; _module_preset=&#8221;default&#8221; background_color=&#8221;gcid-1b4a3854-7b44-49f6-922e-e1ac36476373&#8243; background_image=&#8221;https:\/\/fclesepis.fr\/wp-content\/uploads\/2023\/07\/Banniere-fclesepis.jpg&#8221; background_size=&#8221;contain&#8221; background_position=&#8221;top_center&#8221; min_height=&#8221;642.6px&#8221; min_height_tablet=&#8221;auto&#8221; min_height_phone=&#8221;auto&#8221; min_height_last_edited=&#8221;on|tablet&#8221; height_tablet=&#8221;293px&#8221; height_phone=&#8221;151px&#8221; height_last_edited=&#8221;on|phone&#8221; overflow-x=&#8221;hidden&#8221; overflow-y=&#8221;hidden&#8221; custom_margin=&#8221;||-2px|||&#8221; custom_padding=&#8221;||||false|false&#8221; collapsed=&#8221;on&#8221; global_colors_info=&#8221;{%22gcid-1b4a3854-7b44-49f6-922e-e1ac36476373%22:%91%22background_color%22%93}&#8221;][\/et_pb_section][et_pb_section fb_built=&#8221;1&#8243; fullwidth=&#8221;on&#8221; _builder_version=&#8221;4.23.4&#8243; _module_preset=&#8221;default&#8221; background_color=&#8221;#18191A&#8221; global_colors_info=&#8221;{}&#8221;][et_pb_fullwidth_header _builder_version=&#8221;4.23.4&#8243; _module_preset=&#8221;default&#8221; content_font=&#8221;Rampart One||||||||&#8221; background_color=&#8221;#111010&#8243; title_font_size_tablet=&#8221;24px&#8221; title_font_size_phone=&#8221;20px&#8221; title_font_size_last_edited=&#8221;on|phone&#8221; global_colors_info=&#8221;{}&#8221;]<\/p>\n<h1 style=\"text-align: center;\">Le mot du pr\u00e9sident<\/h1>\n<p>[\/et_pb_fullwidth_header][\/et_pb_section][et_pb_section fb_built=&#8221;1&#8243; admin_label=&#8221;Header&#8221; _builder_version=&#8221;4.23.4&#8243; _module_preset=&#8221;default&#8221; background_color=&#8221;#18191A&#8221; background_enable_image=&#8221;off&#8221; background_size=&#8221;contain&#8221; background_position=&#8221;top_center&#8221; min_height_tablet=&#8221;&#8221; min_height_phone=&#8221;auto&#8221; min_height_last_edited=&#8221;on|phone&#8221; height_tablet=&#8221;&#8221; height_phone=&#8221;&#8221; height_last_edited=&#8221;on|phone&#8221; overflow-x=&#8221;hidden&#8221; overflow-y=&#8221;hidden&#8221; custom_margin=&#8221;||-2px|||&#8221; custom_padding=&#8221;||||false|false&#8221; collapsed=&#8221;on&#8221; global_colors_info=&#8221;{%22gcid-1b4a3854-7b44-49f6-922e-e1ac36476373%22:%91%22background_color%22%93}&#8221;][et_pb_row column_structure=&#8221;1_2,1_2&#8243; _builder_version=&#8221;4.23.4&#8243; _module_preset=&#8221;default&#8221; global_colors_info=&#8221;{}&#8221;][et_pb_column type=&#8221;1_2&#8243; _builder_version=&#8221;4.23.4&#8243; _module_preset=&#8221;default&#8221; global_colors_info=&#8221;{}&#8221;][et_pb_image src=&#8221;https:\/\/fclesepis.fr\/wp-content\/uploads\/2023\/07\/Sofiane-scaled.jpg&#8221; title_text=&#8221;Sofiane&#8221; _builder_version=&#8221;4.23.4&#8243; _module_preset=&#8221;default&#8221; global_colors_info=&#8221;{}&#8221;][\/et_pb_image][\/et_pb_column][et_pb_column type=&#8221;1_2&#8243; _builder_version=&#8221;4.23.4&#8243; _module_preset=&#8221;default&#8221; global_colors_info=&#8221;{}&#8221;][et_pb_text _builder_version=&#8221;4.23.4&#8243; _module_preset=&#8221;default&#8221; text_text_color=&#8221;#E4E6EB&#8221; text_font_size=&#8221;17px&#8221; global_colors_info=&#8221;{}&#8221;]<\/p>\n<h2 dir=\"auto\" style=\"text-align: center;\"><span style=\"color: #e4e6eb;\"><strong>Mesdames, Messieurs, chers amis sportifs,<\/strong><\/span><strong><\/strong><\/h2>\n<div dir=\"auto\">\n<p>&nbsp;<\/p>\n<p>Une nouvelle saison va d\u00e9buter et nous mettons tout en \u0153uvre pour la pr\u00e9parer dans les meilleures conditions.<\/p>\n<p>&nbsp;<\/p>\n<p>Nous l\u2019esp\u00e9rons de qualit\u00e9 et sous le signe du partage de notre passion commune pour le football.<\/p>\n<p>&nbsp;<\/p>\n<p>Le football est un sport v\u00e9hiculant des valeurs d\u2019engagement, de courage, de solidarit\u00e9, de comp\u00e9tition, mais aussi de forte convivialit\u00e9, et au FC les \u00c9pis avec nos joueurs\/joueuses, nos \u00e9ducateurs\/\u00e9ducatrices, nos dirigeant\u00b7e\u00b7s, nos b\u00e9n\u00e9voles et nos sponsors nous souhaitons modestement f\u00e9d\u00e9rer autour de ces valeurs.<\/p>\n<p>&nbsp;<\/p>\n<p>Nous continuerons avec l\u2019ensemble des dirigeant\u00b7e\u00b7s et des \u00e9ducateurs\/\u00e9ducatrices, \u00e0 maintenir cet esprit de camaraderie, de partage et d\u2019union, afin de r\u00e9pondre beaucoup plus facilement aux objectifs du club :<\/p>\n<p>&nbsp;<\/p>\n<p>&#8211; A savoir la pratique d\u2019un football de qualit\u00e9, convivial, respectueux des parties prenantes mais aussi un football pour tous, quel que soit son \u00e2ge et son niveau.<\/p>\n<p>&#8211; S\u2019appuyant sur le travail de qualit\u00e9 effectu\u00e9 ces derni\u00e8res ann\u00e9es par les \u00e9ducateurs\/\u00e9ducatrices et les dirigeant\u00b7e\u00b7s aupr\u00e8s de nos \u00e9quipes, nous avons la volont\u00e9 de continuer \u00e0 former du mieux possible nos jeunes footballeurs\/footballeuses.<\/p>\n<p>&nbsp;<\/p>\n<p>C\u2019est vers notre club que doivent se tourner ceux qui ont l\u2019ambition de progresser, le tout dans la convivialit\u00e9 et le plaisir de jouer.<\/p>\n<p><strong><\/strong><\/p>\n<p><strong>Sofiane BOUABDELLAH<\/strong><\/p>\n<\/div>\n<p>[\/et_pb_text][\/et_pb_column][\/et_pb_row][\/et_pb_section][et_pb_section fb_built=&#8221;1&#8243; admin_label=&#8221;Footer&#8221; _builder_version=&#8221;4.23.4&#8243; _module_preset=&#8221;default&#8221; background_color=&#8221;#0c0b0b&#8221; use_background_color_gradient=&#8221;on&#8221; background_color_gradient_stops=&#8221;#000000 0%|rgba(0,0,0,0) 100%&#8221; background_color_gradient_overlays_image=&#8221;on&#8221; background_enable_image=&#8221;off&#8221; parallax=&#8221;on&#8221; saved_tabs=&#8221;all&#8221; locked=&#8221;off&#8221; collapsed=&#8221;on&#8221; global_colors_info=&#8221;{}&#8221;][et_pb_row column_structure=&#8221;1_2,1_4,1_4&#8243; _builder_version=&#8221;4.23.4&#8243; _module_preset=&#8221;default&#8221; global_colors_info=&#8221;{}&#8221;][et_pb_column type=&#8221;1_2&#8243; _builder_version=&#8221;4.20.0&#8243; _module_preset=&#8221;default&#8221; global_colors_info=&#8221;{}&#8221;][et_pb_code _builder_version=&#8221;4.23.4&#8243; _module_preset=&#8221;default&#8221; global_colors_info=&#8221;{}&#8221;]<iframe src=\"https:\/\/www.google.com\/maps\/embed?pb=!1m18!1m12!1m3!1d20363.172274688935!2d3.080878193552653!3d50.359160069635784!2m3!1f0!2f0!3f0!3m2!1i1024!2i768!4f13.1!3m3!1m2!1s0x47c2c9746f5e2737%3A0x584d709766bde748!2sStade%20des%20Fr%C3%A8res%20Martel!5e0!3m2!1sfr!2sfr!4v1704403501026!5m2!1sfr!2sfr\" width=\"600\" height=\"450\" style=\"border:0;\" allowfullscreen=\"\" loading=\"lazy\" referrerpolicy=\"no-referrer-when-downgrade\"><\/iframe>[\/et_pb_code][\/et_pb_column][et_pb_column type=&#8221;1_4&#8243; _builder_version=&#8221;4.20.0&#8243; _module_preset=&#8221;default&#8221; global_colors_info=&#8221;{}&#8221;][et_pb_social_media_follow icon_color=&#8221;#0C71C3&#8243; use_icon_font_size=&#8221;on&#8221; icon_font_size=&#8221;18px&#8221; _builder_version=&#8221;4.23.4&#8243; _module_preset=&#8221;default&#8221; background_color=&#8221;RGBA(255,255,255,0)&#8221; text_orientation=&#8221;center&#8221; custom_margin=&#8221;||||false|false&#8221; animation_style=&#8221;roll&#8221; border_radii=&#8221;on|100px|100px|100px|100px&#8221; border_width_all=&#8221;3px&#8221; border_color_all=&#8221;#0C71C3&#8243; global_colors_info=&#8221;{}&#8221;][et_pb_social_media_follow_network social_network=&#8221;facebook&#8221; url=&#8221;https:\/\/www.facebook.com\/FCLesEpis\/?ref=embed_page&#8221; _builder_version=&#8221;4.23.4&#8243; _module_preset=&#8221;default&#8221; custom_padding=&#8221;8px|8px|8px|8px|true|true&#8221; global_colors_info=&#8221;{}&#8221; follow_button=&#8221;off&#8221; url_new_window=&#8221;on&#8221;]facebook[\/et_pb_social_media_follow_network][\/et_pb_social_media_follow][et_pb_image src=&#8221;https:\/\/fclesepis.fr\/wp-content\/uploads\/2024\/01\/images-removebg-preview.png&#8221; title_text=&#8221;images-removebg-preview&#8221; url=&#8221;https:\/\/football-club-epinois.footeo.com\/&#8221; align=&#8221;center&#8221; src_tablet=&#8221;https:\/\/fclesepis.fr\/wp-content\/uploads\/2024\/01\/images-removebg-preview.png&#8221; src_phone=&#8221;https:\/\/fclesepis.fr\/wp-content\/uploads\/2024\/01\/images-removebg-preview.png&#8221; src_last_edited=&#8221;on|tablet&#8221; _builder_version=&#8221;4.23.4&#8243; _module_preset=&#8221;default&#8221; width=&#8221;35%&#8221; max_width_tablet=&#8221;32%&#8221; max_width_phone=&#8221;32%&#8221; max_width_last_edited=&#8221;on|tablet&#8221; custom_margin=&#8221;||||false|false&#8221; custom_margin_tablet=&#8221;50px||50px||false|false&#8221; custom_margin_phone=&#8221;50px||50px||false|false&#8221; custom_margin_last_edited=&#8221;on|tablet&#8221; global_colors_info=&#8221;{}&#8221;][\/et_pb_image][\/et_pb_column][et_pb_column type=&#8221;1_4&#8243; _builder_version=&#8221;4.20.0&#8243; _module_preset=&#8221;default&#8221; global_colors_info=&#8221;{}&#8221;][et_pb_contact_form email=&#8221;cocofredoleachloe@gmail.com&#8221; title=&#8221;Contactez-nous&#8221; success_message=&#8221;Votre message a bien \u00e9t\u00e9 envoy\u00e9!&#8221; submit_button_text=&#8221;Envoyer&#8221; _builder_version=&#8221;4.23.4&#8243; _module_preset=&#8221;default&#8221; _unique_id=&#8221;34d76896-d116-4c38-83a0-0e2af2501644&#8243; custom_margin=&#8221;||85px||false|false&#8221; hover_enabled=&#8221;0&#8243; global_colors_info=&#8221;{}&#8221; sticky_enabled=&#8221;0&#8243;][et_pb_contact_field field_id=&#8221;Name&#8221; field_title=&#8221;Nom&#8221; _builder_version=&#8221;4.16&#8243; global_colors_info=&#8221;{}&#8221; button_text_size__hover_enabled=&#8221;off&#8221; button_one_text_size__hover_enabled=&#8221;off&#8221; button_two_text_size__hover_enabled=&#8221;off&#8221; button_text_color__hover_enabled=&#8221;off&#8221; button_one_text_color__hover_enabled=&#8221;off&#8221; button_two_text_color__hover_enabled=&#8221;off&#8221; button_border_width__hover_enabled=&#8221;off&#8221; button_one_border_width__hover_enabled=&#8221;off&#8221; button_two_border_width__hover_enabled=&#8221;off&#8221; button_border_color__hover_enabled=&#8221;off&#8221; button_one_border_color__hover_enabled=&#8221;off&#8221; button_two_border_color__hover_enabled=&#8221;off&#8221; button_border_radius__hover_enabled=&#8221;off&#8221; button_one_border_radius__hover_enabled=&#8221;off&#8221; button_two_border_radius__hover_enabled=&#8221;off&#8221; button_letter_spacing__hover_enabled=&#8221;off&#8221; button_one_letter_spacing__hover_enabled=&#8221;off&#8221; button_two_letter_spacing__hover_enabled=&#8221;off&#8221; button_bg_color__hover_enabled=&#8221;off&#8221; button_one_bg_color__hover_enabled=&#8221;off&#8221; button_two_bg_color__hover_enabled=&#8221;off&#8221;][\/et_pb_contact_field][et_pb_contact_field field_id=&#8221;Email&#8221; field_title=&#8221;Adresse e-mail&#8221; field_type=&#8221;email&#8221; _builder_version=&#8221;4.16&#8243; global_colors_info=&#8221;{}&#8221; button_text_size__hover_enabled=&#8221;off&#8221; button_one_text_size__hover_enabled=&#8221;off&#8221; button_two_text_size__hover_enabled=&#8221;off&#8221; button_text_color__hover_enabled=&#8221;off&#8221; button_one_text_color__hover_enabled=&#8221;off&#8221; button_two_text_color__hover_enabled=&#8221;off&#8221; button_border_width__hover_enabled=&#8221;off&#8221; button_one_border_width__hover_enabled=&#8221;off&#8221; button_two_border_width__hover_enabled=&#8221;off&#8221; button_border_color__hover_enabled=&#8221;off&#8221; button_one_border_color__hover_enabled=&#8221;off&#8221; button_two_border_color__hover_enabled=&#8221;off&#8221; button_border_radius__hover_enabled=&#8221;off&#8221; button_one_border_radius__hover_enabled=&#8221;off&#8221; button_two_border_radius__hover_enabled=&#8221;off&#8221; button_letter_spacing__hover_enabled=&#8221;off&#8221; button_one_letter_spacing__hover_enabled=&#8221;off&#8221; button_two_letter_spacing__hover_enabled=&#8221;off&#8221; button_bg_color__hover_enabled=&#8221;off&#8221; button_one_bg_color__hover_enabled=&#8221;off&#8221; button_two_bg_color__hover_enabled=&#8221;off&#8221;][\/et_pb_contact_field][et_pb_contact_field field_id=&#8221;Message&#8221; field_title=&#8221;Message&#8221; field_type=&#8221;text&#8221; fullwidth_field=&#8221;on&#8221; _builder_version=&#8221;4.16&#8243; global_colors_info=&#8221;{}&#8221; button_text_size__hover_enabled=&#8221;off&#8221; button_one_text_size__hover_enabled=&#8221;off&#8221; button_two_text_size__hover_enabled=&#8221;off&#8221; button_text_color__hover_enabled=&#8221;off&#8221; button_one_text_color__hover_enabled=&#8221;off&#8221; button_two_text_color__hover_enabled=&#8221;off&#8221; button_border_width__hover_enabled=&#8221;off&#8221; button_one_border_width__hover_enabled=&#8221;off&#8221; button_two_border_width__hover_enabled=&#8221;off&#8221; button_border_color__hover_enabled=&#8221;off&#8221; button_one_border_color__hover_enabled=&#8221;off&#8221; button_two_border_color__hover_enabled=&#8221;off&#8221; button_border_radius__hover_enabled=&#8221;off&#8221; button_one_border_radius__hover_enabled=&#8221;off&#8221; button_two_border_radius__hover_enabled=&#8221;off&#8221; button_letter_spacing__hover_enabled=&#8221;off&#8221; button_one_letter_spacing__hover_enabled=&#8221;off&#8221; button_two_letter_spacing__hover_enabled=&#8221;off&#8221; button_bg_color__hover_enabled=&#8221;off&#8221; button_one_bg_color__hover_enabled=&#8221;off&#8221; button_two_bg_color__hover_enabled=&#8221;off&#8221;][\/et_pb_contact_field][\/et_pb_contact_form][\/et_pb_column][\/et_pb_row][et_pb_row column_structure=&#8221;1_4,1_4,1_4,1_4&#8243; _builder_version=&#8221;4.23.4&#8243; _module_preset=&#8221;default&#8221; global_colors_info=&#8221;{}&#8221;][et_pb_column type=&#8221;1_4&#8243; _builder_version=&#8221;4.23.4&#8243; _module_preset=&#8221;default&#8221; global_colors_info=&#8221;{}&#8221;][et_pb_cta button_text=&#8221;Clics&#8221; _builder_version=&#8221;4.23.4&#8243; _module_preset=&#8221;default&#8221; header_text_color=&#8221;#E4E6EB&#8221; background_color=&#8221;#0c0b0b&#8221; link_option_url=&#8221;https:\/\/fclesepis.fr\/?page_id=3431&#8243; global_colors_info=&#8221;{}&#8221;]<\/p>\n<p style=\"text-align: left;\">Nos Sponsors<\/p>\n<p>[\/et_pb_cta][\/et_pb_column][et_pb_column type=&#8221;1_4&#8243; _builder_version=&#8221;4.23.4&#8243; _module_preset=&#8221;default&#8221; global_colors_info=&#8221;{}&#8221;][et_pb_cta button_text=&#8221;Clics&#8221; _builder_version=&#8221;4.23.4&#8243; _module_preset=&#8221;default&#8221; header_text_color=&#8221;#E4E6EB&#8221; background_color=&#8221;#0c0b0b&#8221; link_option_url=&#8221;https:\/\/fclesepis.fr\/?page_id=3408&#8243; global_colors_info=&#8221;{}&#8221;]<\/p>\n<p style=\"text-align: left;\">Politique de Cookies<\/p>\n<p>[\/et_pb_cta][\/et_pb_column][et_pb_column type=&#8221;1_4&#8243; _builder_version=&#8221;4.23.4&#8243; _module_preset=&#8221;default&#8221; global_colors_info=&#8221;{}&#8221;][et_pb_cta button_text=&#8221;Clics&#8221; _builder_version=&#8221;4.23.4&#8243; _module_preset=&#8221;default&#8221; header_text_color=&#8221;#E4E6EB&#8221; background_color=&#8221;#0c0b0b&#8221; custom_margin=&#8221;||||false|false&#8221; link_option_url=&#8221;https:\/\/fclesepis.fr\/?page_id=3422&#8243; global_colors_info=&#8221;{}&#8221;]<\/p>\n<p style=\"text-align: left;\">Mentions L\u00e9gales<\/p>\n<p>[\/et_pb_cta][\/et_pb_column][et_pb_column type=&#8221;1_4&#8243; _builder_version=&#8221;4.23.4&#8243; _module_preset=&#8221;default&#8221; global_colors_info=&#8221;{}&#8221;][et_pb_cta title=&#8221;Boutique du club&#8221; button_url=&#8221;https:\/\/app.grinta.eu\/fcepinois\/genders\/new&#8221; button_text=&#8221;clic&#8221; _builder_version=&#8221;4.23.4&#8243; _module_preset=&#8221;default&#8221; header_font_size=&#8221;16px&#8221; background_color=&#8221;#0c0b0b&#8221; global_colors_info=&#8221;{}&#8221;][\/et_pb_cta][\/et_pb_column][\/et_pb_row][\/et_pb_section]<\/p>\n","protected":false},"excerpt":{"rendered":"<p>Le mot du pr\u00e9sidentMesdames, Messieurs, chers amis sportifs, &nbsp; Une nouvelle saison va d\u00e9buter et nous mettons tout en \u0153uvre pour la pr\u00e9parer dans les meilleures conditions. &nbsp; Nous l\u2019esp\u00e9rons de qualit\u00e9 et sous le signe du partage de notre passion commune pour le football. &nbsp; Le football est un sport v\u00e9hiculant des valeurs d\u2019engagement, [&hellip;]<\/p>\n","protected":false},"author":1,"featured_media":0,"parent":0,"menu_order":0,"comment_status":"closed","ping_status":"closed","template":"","meta":{"_et_pb_use_builder":"on","_et_pb_old_content":"<!-- wp:divi\/placeholder \/-->","_et_gb_content_width":"","footnotes":""},"class_list":["post-3233","page","type-page","status-publish","hentry"],"yoast_head":"<!-- This site is optimized with the Yoast SEO plugin v23.0 - https:\/\/yoast.com\/wordpress\/plugins\/seo\/ -->\n<title>Le mot du pr\u00e9sident - fclesepis.fr<\/title>\n<meta name=\"robots\" content=\"index, follow, max-snippet:-1, max-image-preview:large, max-video-preview:-1\" \/>\n<link rel=\"canonical\" href=\"https:\/\/fclesepis.fr\/?page_id=3233\" \/>\n<meta property=\"og:locale\" content=\"en_US\" \/>\n<meta property=\"og:type\" content=\"article\" \/>\n<meta property=\"og:title\" content=\"Le mot du pr\u00e9sident - fclesepis.fr\" \/>\n<meta property=\"og:description\" content=\"Le mot du pr\u00e9sidentMesdames, Messieurs, chers amis sportifs, &nbsp; Une nouvelle saison va d\u00e9buter et nous mettons tout en \u0153uvre pour la pr\u00e9parer dans les meilleures conditions. &nbsp; Nous l\u2019esp\u00e9rons de qualit\u00e9 et sous le signe du partage de notre passion commune pour le football. &nbsp; Le football est un sport v\u00e9hiculant des valeurs d\u2019engagement, [&hellip;]\" \/>\n<meta property=\"og:url\" content=\"https:\/\/fclesepis.fr\/?page_id=3233\" \/>\n<meta property=\"og:site_name\" content=\"fclesepis.fr\" \/>\n<meta property=\"article:modified_time\" content=\"2024-01-10T23:04:47+00:00\" \/>\n<meta name=\"twitter:card\" content=\"summary_large_image\" \/>\n<meta name=\"twitter:label1\" content=\"Est. reading time\" \/>\n\t<meta name=\"twitter:data1\" content=\"2 minutes\" \/>\n<script type=\"application\/ld+json\" class=\"yoast-schema-graph\">{\"@context\":\"https:\/\/schema.org\",\"@graph\":[{\"@type\":\"WebPage\",\"@id\":\"https:\/\/fclesepis.fr\/?page_id=3233\",\"url\":\"https:\/\/fclesepis.fr\/?page_id=3233\",\"name\":\"Le mot du pr\u00e9sident - fclesepis.fr\",\"isPartOf\":{\"@id\":\"https:\/\/fclesepis.fr\/#website\"},\"datePublished\":\"2024-01-09T10:47:23+00:00\",\"dateModified\":\"2024-01-10T23:04:47+00:00\",\"breadcrumb\":{\"@id\":\"https:\/\/fclesepis.fr\/?page_id=3233#breadcrumb\"},\"inLanguage\":\"en-US\",\"potentialAction\":[{\"@type\":\"ReadAction\",\"target\":[\"https:\/\/fclesepis.fr\/?page_id=3233\"]}]},{\"@type\":\"BreadcrumbList\",\"@id\":\"https:\/\/fclesepis.fr\/?page_id=3233#breadcrumb\",\"itemListElement\":[{\"@type\":\"ListItem\",\"position\":1,\"name\":\"Accueil\",\"item\":\"https:\/\/fclesepis.fr\/\"},{\"@type\":\"ListItem\",\"position\":2,\"name\":\"Le mot du pr\u00e9sident\"}]},{\"@type\":\"WebSite\",\"@id\":\"https:\/\/fclesepis.fr\/#website\",\"url\":\"https:\/\/fclesepis.fr\/\",\"name\":\"fclesepis.fr\",\"description\":\"\",\"potentialAction\":[{\"@type\":\"SearchAction\",\"target\":{\"@type\":\"EntryPoint\",\"urlTemplate\":\"https:\/\/fclesepis.fr\/?s={search_term_string}\"},\"query-input\":\"required name=search_term_string\"}],\"inLanguage\":\"en-US\"}]}<\/script>\n<!-- \/ Yoast SEO plugin. -->","yoast_head_json":{"title":"Le mot du pr\u00e9sident - fclesepis.fr","robots":{"index":"index","follow":"follow","max-snippet":"max-snippet:-1","max-image-preview":"max-image-preview:large","max-video-preview":"max-video-preview:-1"},"canonical":"https:\/\/fclesepis.fr\/?page_id=3233","og_locale":"en_US","og_type":"article","og_title":"Le mot du pr\u00e9sident - fclesepis.fr","og_description":"Le mot du pr\u00e9sidentMesdames, Messieurs, chers amis sportifs, &nbsp; Une nouvelle saison va d\u00e9buter et nous mettons tout en \u0153uvre pour la pr\u00e9parer dans les meilleures conditions. &nbsp; Nous l\u2019esp\u00e9rons de qualit\u00e9 et sous le signe du partage de notre passion commune pour le football. &nbsp; Le football est un sport v\u00e9hiculant des valeurs d\u2019engagement, [&hellip;]","og_url":"https:\/\/fclesepis.fr\/?page_id=3233","og_site_name":"fclesepis.fr","article_modified_time":"2024-01-10T23:04:47+00:00","twitter_card":"summary_large_image","twitter_misc":{"Est. reading time":"2 minutes"},"schema":{"@context":"https:\/\/schema.org","@graph":[{"@type":"WebPage","@id":"https:\/\/fclesepis.fr\/?page_id=3233","url":"https:\/\/fclesepis.fr\/?page_id=3233","name":"Le mot du pr\u00e9sident - fclesepis.fr","isPartOf":{"@id":"https:\/\/fclesepis.fr\/#website"},"datePublished":"2024-01-09T10:47:23+00:00","dateModified":"2024-01-10T23:04:47+00:00","breadcrumb":{"@id":"https:\/\/fclesepis.fr\/?page_id=3233#breadcrumb"},"inLanguage":"en-US","potentialAction":[{"@type":"ReadAction","target":["https:\/\/fclesepis.fr\/?page_id=3233"]}]},{"@type":"BreadcrumbList","@id":"https:\/\/fclesepis.fr\/?page_id=3233#breadcrumb","itemListElement":[{"@type":"ListItem","position":1,"name":"Accueil","item":"https:\/\/fclesepis.fr\/"},{"@type":"ListItem","position":2,"name":"Le mot du pr\u00e9sident"}]},{"@type":"WebSite","@id":"https:\/\/fclesepis.fr\/#website","url":"https:\/\/fclesepis.fr\/","name":"fclesepis.fr","description":"","potentialAction":[{"@type":"SearchAction","target":{"@type":"EntryPoint","urlTemplate":"https:\/\/fclesepis.fr\/?s={search_term_string}"},"query-input":"required name=search_term_string"}],"inLanguage":"en-US"}]}},"_links":{"self":[{"href":"https:\/\/fclesepis.fr\/index.php?rest_route=\/wp\/v2\/pages\/3233","targetHints":{"allow":["GET"]}}],"collection":[{"href":"https:\/\/fclesepis.fr\/index.php?rest_route=\/wp\/v2\/pages"}],"about":[{"href":"https:\/\/fclesepis.fr\/index.php?rest_route=\/wp\/v2\/types\/page"}],"author":[{"embeddable":true,"href":"https:\/\/fclesepis.fr\/index.php?rest_route=\/wp\/v2\/users\/1"}],"replies":[{"embeddable":true,"href":"https:\/\/fclesepis.fr\/index.php?rest_route=%2Fwp%2Fv2%2Fcomments&post=3233"}],"version-history":[{"count":16,"href":"https:\/\/fclesepis.fr\/index.php?rest_route=\/wp\/v2\/pages\/3233\/revisions"}],"predecessor-version":[{"id":3599,"href":"https:\/\/fclesepis.fr\/index.php?rest_route=\/wp\/v2\/pages\/3233\/revisions\/3599"}],"wp:attachment":[{"href":"https:\/\/fclesepis.fr\/index.php?rest_route=%2Fwp%2Fv2%2Fmedia&parent=3233"}],"curies":[{"name":"wp","href":"https:\/\/api.w.org\/{rel}","templated":true}]}}